{"id":843,"date":"2024-04-16T13:44:15","date_gmt":"2024-04-16T13:44:15","guid":{"rendered":"https:\/\/grace-energy.global\/politica-de-privacidade\/"},"modified":"2024-06-04T14:21:15","modified_gmt":"2024-06-04T14:21:15","slug":"politica-de-privacidade","status":"publish","type":"page","link":"https:\/\/grace-energy.global\/pt-pt\/politica-de-privacidade\/","title":{"rendered":"Pol\u00edtica de privacidade"},"content":{"rendered":"\n<p>Como \u00e9 sabido, o novo Regulamento Geral sobre a Prote\u00e7\u00e3o de Dados \u00e9 aplic\u00e1vel desde 2016 em todos os Estados-Membros da Uni\u00e3o Europeia.<\/p>\n\n<p>Na GRACE LIFE valorizamos e damos a maior import\u00e2ncia \u00e0 confian\u00e7a que depositas em n\u00f3s e garantimos que os teus dados pessoais est\u00e3o seguros e s\u00e3o tratados com total privacidade. A privacidade, a confidencialidade e a transpar\u00eancia s\u00e3o tr\u00eas elementos fundamentais da rela\u00e7\u00e3o de confian\u00e7a que estabelecemos com os nossos clientes.<\/p>\n\n<p>O tratamento dos teus dados pessoais permite, entre outras finalidades, o desenvolvimento e comercializa\u00e7\u00e3o direta dos produtos e servi\u00e7os que consideramos mais adequados ao perfil e necessidades de cada cliente.<\/p>\n\n<p>A GRACE LIFE, UNIPESSOAL, LDA, abreviadamente designada por GRACE LIFE, est\u00e1 empenhada em proteger os dados pessoais dos seus clientes e, neste contexto, elaborou a presente Pol\u00edtica, na qual est\u00e1 subjacente o seu compromisso de respeitar a privacidade dos seus clientes e informar como a sua informa\u00e7\u00e3o \u00e9 tratada.<\/p>\n\n<div style=\"height:50px\" aria-hidden=\"true\" class=\"wp-block-spacer\"><\/div>\n\n<h2 class=\"wp-block-heading\">O QUE ABRANGE ESTA POL\u00cdTICA DE PROTEC\u00c7\u00c3O DE DADOS?<\/h2>\n\n<p>Esta Pol\u00edtica de Prote\u00e7\u00e3o de Dados aplica-se exclusivamente \u00e0 recolha e tratamento de dados pessoais cujo processamento \u00e9 da responsabilidade da GRACE LIFE, no \u00e2mbito dos produtos disponibilizados aos seus clientes.<\/p>\n\n<p>Podem ser inclu\u00eddas no s\u00edtio GRACE LIFE liga\u00e7\u00f5es a outros s\u00edtios Web que n\u00e3o estejam relacionados com o GRACE LIFE. A disponibiliza\u00e7\u00e3o de tais links \u00e9 feita de boa f\u00e9, n\u00e3o podendo o GRACE LIFE ser responsabilizado pela recolha e tratamento de dados pessoais efectuados atrav\u00e9s desses websites, nem assumindo o GRACE LIFE qualquer responsabilidade por esses websites, nomeadamente quanto \u00e0 sua exatid\u00e3o, credibilidade e funcionalidades neles disponibilizadas.<\/p>\n\n<div style=\"height:50px\" aria-hidden=\"true\" class=\"wp-block-spacer\"><\/div>\n\n<h2 class=\"wp-block-heading\">O QUE S\u00c3O DADOS PESSOAIS E PARA QUE FINS S\u00c3O UTILIZADOS?<\/h2>\n\n<p><br\/>Os dados pessoais s\u00e3o qualquer informa\u00e7\u00e3o relativa a uma pessoa singular identificada ou identific\u00e1vel.<br\/>O titular dos dados deve declarar expressamente que autoriza a recolha ou atualiza\u00e7\u00e3o dos seus dados de contacto (nome completo, endere\u00e7o de correio eletr\u00f3nico, morada de entrega, morada de fatura\u00e7\u00e3o, contacto telef\u00f3nico e data de nascimento), para integra\u00e7\u00e3o nos ficheiros do GRACE LIFE para efeitos de envio de campanhas, promo\u00e7\u00f5es, publicidade e not\u00edcias sobre produtos e gest\u00e3o de encomendas efectuadas no site do GRACE LIFE.<br\/>Os dados pessoais recolhidos s\u00e3o indispens\u00e1veis para a expedi\u00e7\u00e3o dos produtos adquiridos na Loja Online GRACE LIFE e, em caso de falta ou insufici\u00eancia dos mesmos, a GRACE LIFE n\u00e3o poder\u00e1 disponibilizar o produto em causa.<br\/>O consentimento expresso deve ser dado no momento da inscri\u00e7\u00e3o para o registo de utilizador na Loja Online GRACE LIFE.<\/p>\n\n<div style=\"height:50px\" aria-hidden=\"true\" class=\"wp-block-spacer\"><\/div>\n\n<h2 class=\"wp-block-heading\">QUEM \u00c9 RESPONS\u00c1VEL PELO TRATAMENTO DOS DADOS?<\/h2>\n\n<p><br\/>A entidade respons\u00e1vel pelo tratamento dos dados pessoais \u00e9 a GRACE LIFE, UNIPESSOAL, LDA, que determina as finalidades e os meios de tratamento dos mesmos. Para o efeito, caso o titular dos dados pessoais necessite de contactar o respons\u00e1vel pelo tratamento de dados, poder\u00e1 faz\u00ea-lo atrav\u00e9s do e-mail indicado: info@grace-energy.global.<\/p>\n\n<div style=\"height:50px\" aria-hidden=\"true\" class=\"wp-block-spacer\"><\/div>\n\n<h2 class=\"wp-block-heading\">COMO \u00c9 QUE RECOLHEMOS OS TEUS DADOS PESSOAIS?<\/h2>\n\n<p><br\/>Os dados pessoais recolhidos podem ser tratados informaticamente e de forma automatizada ou n\u00e3o automatizada, garantindo em todos os casos o estrito cumprimento da legisla\u00e7\u00e3o de prote\u00e7\u00e3o de dados pessoais, sendo armazenados em bases de dados espec\u00edficas, criadas para o efeito e, em situa\u00e7\u00e3o alguma, os dados recolhidos ser\u00e3o utilizados para outra finalidade que n\u00e3o seja aquela para a qual foram recolhidos ou dado o consentimento por parte do titular dos dados.<\/p>\n\n<div style=\"height:50px\" aria-hidden=\"true\" class=\"wp-block-spacer\"><\/div>\n\n<h2 class=\"wp-block-heading\">DURANTE QUANTO TEMPO CONSERVAMOS OS TEUS DADOS PESSOAIS?<\/h2>\n\n<p><br\/>Os dados pessoais s\u00e3o armazenados e conservados apenas pelo per\u00edodo m\u00ednimo necess\u00e1rio para a prossecu\u00e7\u00e3o das finalidades que motivaram a sua recolha ou o seu posterior tratamento, nos termos da lei.<\/p>\n\n<div style=\"height:50px\" aria-hidden=\"true\" class=\"wp-block-spacer\"><\/div>\n\n<h2 class=\"wp-block-heading\">QUAIS S\u00c3O OS TEUS DIREITOS ENQUANTO TITULAR?<br\/><\/h2>\n\n<p>Enquanto titular dos dados pessoais, \u00e9 garantido ao cliente, em qualquer momento, o direito de acesso, retifica\u00e7\u00e3o, atualiza\u00e7\u00e3o, limita\u00e7\u00e3o e elimina\u00e7\u00e3o dos seus dados pessoais. Sem preju\u00edzo do disposto no RGPD, o titular dos dados pessoais poder\u00e1 faz\u00ea-lo mediante pedido escrito, dirigido ao respetivo Respons\u00e1vel pelo Tratamento, atrav\u00e9s do contacto disponibilizado para o efeito no presente documento.<\/p>\n\n<div style=\"height:50px\" aria-hidden=\"true\" class=\"wp-block-spacer\"><\/div>\n\n<h2 class=\"wp-block-heading\">EM QUE CIRCUNST\u00c2NCIAS EXISTE COMUNICA\u00c7\u00c3O DE DADOS A OUTRAS ENTIDADES (TERCEIROS E SUBCONTRATANTES)?<\/h2>\n\n<p>A GRACE LIFE, no \u00e2mbito da sua atividade, pode recorrer a terceiros para a presta\u00e7\u00e3o do servi\u00e7o de entrega\/transporte. Por vezes, a presta\u00e7\u00e3o destes servi\u00e7os implica o acesso, por parte destas entidades, a dados pessoais dos clientes. Quando tal sucede, o GRACE LIFE toma as medidas adequadas, de forma a assegurar que as entidades que tenham acesso aos dados s\u00e3o reputadas e oferecem as mais elevadas garantias a este n\u00edvel, o que fica devidamente consagrado e acautelado em contrato celebrado entre o GRACE LIFE e a(s) terceira(s) entidade(s). Em qualquer caso, a GRACE LIFE continua a ser respons\u00e1vel pelos dados pessoais que lhe s\u00e3o disponibilizados.<\/p>\n\n<p>Se n\u00e3o estiveres satisfeito com a nossa utiliza\u00e7\u00e3o dos teus dados pessoais ou com a nossa resposta ap\u00f3s o exerc\u00edcio de algum destes direitos, tens o direito de apresentar uma reclama\u00e7\u00e3o \u00e0 tua autoridade de controlo (Comiss\u00e3o Nacional de Prote\u00e7\u00e3o de Dados &#8211; CNPD | Rua de S\u00e3o Bento, n\u00ba 148, 3\u00ba, 1200-821 Lisboa | Tel: 351 213928400 | Fax: +351 213976832 | e-mail: geral@cnpd.pt).<\/p>\n\n<p>Contacta-nos para mais informa\u00e7\u00f5es.<\/p>\n\n<p>CONSENTIMENTO GDPR<br\/>Declaro para os fins previstos no artigo 13.\u00ba do Regulamento Geral sobre a Prote\u00e7\u00e3o de Dados (UE)2016\/679 de P. J., que o teu nome \u00e9 P. E. e do Conselho de 27 de abril (RGPD) a prestar, por este meio, o meu consentimento para o tratamento dos meus dados pessoais \u00e0 GRACE LIFE, UNIPESSOAL, LDA, Pessoa Coletiva n\u00ba 516979566, com sede na Av. Dr. Jos\u00e9 Manuel dos Santos, n\u00ba 1, em Lisboa. Rei Humberto II de It\u00e1lia, n\u00ba 17, 4\u00ba, D42, em 2750 Cascais, Portugal.<br\/>Li e aceito a Pol\u00edtica de Privacidade e Prote\u00e7\u00e3o de Dados Pessoais e autorizo a GRACE LIFE, UNIPESSOAL, LDA a:<br\/>Fornecer os meus dados, sem preju\u00edzo da sua confidencialidade, assegurando uma utiliza\u00e7\u00e3o em fun\u00e7\u00e3o do objeto social desta empresa e compat\u00edvel com as finalidades da recolha.<br\/>Os dados transmitidos \u00e0 GRACE LIFE, UNIPESSOAL, LDA s\u00e3o incorporados e tratados pela grace life num ficheiro da sua responsabilidade, tendo como \u00fanica finalidade a gest\u00e3o dos servi\u00e7os solicitados pelo cliente, para cumprimento dos requisitos legais aplic\u00e1veis.<br\/>Autorizo o tratamento desses dados e aceito o acesso aos mesmos por parte dos colaboradores da GRACE LIFE, UNIPESSOAL, LDA que desenvolvam qualquer das actividades necess\u00e1rias \u00e0 presta\u00e7\u00e3o e promo\u00e7\u00e3o do servi\u00e7o.<br\/>Estou ciente de que sou livre de fornecer ou n\u00e3o as informa\u00e7\u00f5es solicitadas e de autorizar ou n\u00e3o o seu processamento quando apresento um formul\u00e1rio devidamente preenchido.<br\/>Aceito que ao n\u00e3o fornecer todas as informa\u00e7\u00f5es solicitadas, a GRACE LIFE, UNIPESSOAL, LDA poder\u00e1 n\u00e3o me prestar o servi\u00e7o ou vender o im\u00f3vel ou conseguir o correto funcionamento de algumas funcionalidades presentes e\/ou futuras no site, bem como a efic\u00e1cia de um posterior envio, tratamento inform\u00e1tico, consulta ou contacto.<br\/>Estou ciente de que tenho o direito de retirar o meu consentimento em qualquer altura, n\u00e3o comprometendo, neste caso, a legalidade do tratamento efectuado com base no consentimento previamente dado.<\/p>\n","protected":false},"excerpt":{"rendered":"<p>Como \u00e9 sabido, o novo Regulamento Geral sobre a Prote\u00e7\u00e3o de Dados \u00e9 aplic\u00e1vel desde 2016 em todos os Estados-Membros da Uni\u00e3o Europeia. Na GRACE LIFE valorizamos e damos a maior import\u00e2ncia \u00e0 confian\u00e7a que depositas em n\u00f3s e garantimos que os teus dados pessoais est\u00e3o seguros e s\u00e3o tratados com total privacidade. A privacidade, [&hellip;]<\/p>\n","protected":false},"author":1,"featured_media":0,"parent":0,"menu_order":0,"comment_status":"closed","ping_status":"open","template":"","meta":{"_monsterinsights_skip_tracking":false,"_monsterinsights_sitenote_active":false,"_monsterinsights_sitenote_note":"","_monsterinsights_sitenote_category":0,"footnotes":""},"class_list":["post-843","page","type-page","status-publish","hentry"],"yoast_head":"<!-- This site is optimized with the Yoast SEO plugin v27.4 - https:\/\/yoast.com\/product\/yoast-seo-wordpress\/ -->\n<title>Pol\u00edtica de privacidade - Grace<\/title>\n<meta name=\"robots\" content=\"index, follow, max-snippet:-1, max-image-preview:large, max-video-preview:-1\" \/>\n<link rel=\"canonical\" href=\"https:\/\/grace-energy.global\/pt-pt\/politica-de-privacidade\/\" \/>\n<meta property=\"og:locale\" content=\"pt_PT\" \/>\n<meta property=\"og:type\" content=\"article\" \/>\n<meta property=\"og:title\" content=\"Pol\u00edtica de privacidade - Grace\" \/>\n<meta property=\"og:description\" content=\"Como \u00e9 sabido, o novo Regulamento Geral sobre a Prote\u00e7\u00e3o de Dados \u00e9 aplic\u00e1vel desde 2016 em todos os Estados-Membros da Uni\u00e3o Europeia. Na GRACE LIFE valorizamos e damos a maior import\u00e2ncia \u00e0 confian\u00e7a que depositas em n\u00f3s e garantimos que os teus dados pessoais est\u00e3o seguros e s\u00e3o tratados com total privacidade. A privacidade, [&hellip;]\" \/>\n<meta property=\"og:url\" content=\"https:\/\/grace-energy.global\/pt-pt\/politica-de-privacidade\/\" \/>\n<meta property=\"og:site_name\" content=\"Grace\" \/>\n<meta property=\"article:modified_time\" content=\"2024-06-04T14:21:15+00:00\" \/>\n<meta name=\"twitter:card\" content=\"summary_large_image\" \/>\n<meta name=\"twitter:label1\" content=\"Tempo estimado de leitura\" \/>\n\t<meta name=\"twitter:data1\" content=\"6 minutos\" \/>\n<script type=\"application\/ld+json\" class=\"yoast-schema-graph\">{\"@context\":\"https:\\\/\\\/schema.org\",\"@graph\":[{\"@type\":\"WebPage\",\"@id\":\"https:\\\/\\\/grace-energy.global\\\/pt-pt\\\/politica-de-privacidade\\\/\",\"url\":\"https:\\\/\\\/grace-energy.global\\\/pt-pt\\\/politica-de-privacidade\\\/\",\"name\":\"Pol\u00edtica de privacidade - Grace\",\"isPartOf\":{\"@id\":\"https:\\\/\\\/grace-energy.global\\\/pt-pt\\\/#website\"},\"datePublished\":\"2024-04-16T13:44:15+00:00\",\"dateModified\":\"2024-06-04T14:21:15+00:00\",\"breadcrumb\":{\"@id\":\"https:\\\/\\\/grace-energy.global\\\/pt-pt\\\/politica-de-privacidade\\\/#breadcrumb\"},\"inLanguage\":\"pt-PT\",\"potentialAction\":[{\"@type\":\"ReadAction\",\"target\":[\"https:\\\/\\\/grace-energy.global\\\/pt-pt\\\/politica-de-privacidade\\\/\"]}]},{\"@type\":\"BreadcrumbList\",\"@id\":\"https:\\\/\\\/grace-energy.global\\\/pt-pt\\\/politica-de-privacidade\\\/#breadcrumb\",\"itemListElement\":[{\"@type\":\"ListItem\",\"position\":1,\"name\":\"Home\",\"item\":\"https:\\\/\\\/grace-energy.global\\\/pt-pt\\\/casa\\\/\"},{\"@type\":\"ListItem\",\"position\":2,\"name\":\"Pol\u00edtica de privacidade\"}]},{\"@type\":\"WebSite\",\"@id\":\"https:\\\/\\\/grace-energy.global\\\/pt-pt\\\/#website\",\"url\":\"https:\\\/\\\/grace-energy.global\\\/pt-pt\\\/\",\"name\":\"Grace\",\"description\":\"\",\"publisher\":{\"@id\":\"https:\\\/\\\/grace-energy.global\\\/pt-pt\\\/#organization\"},\"potentialAction\":[{\"@type\":\"SearchAction\",\"target\":{\"@type\":\"EntryPoint\",\"urlTemplate\":\"https:\\\/\\\/grace-energy.global\\\/pt-pt\\\/?s={search_term_string}\"},\"query-input\":{\"@type\":\"PropertyValueSpecification\",\"valueRequired\":true,\"valueName\":\"search_term_string\"}}],\"inLanguage\":\"pt-PT\"},{\"@type\":\"Organization\",\"@id\":\"https:\\\/\\\/grace-energy.global\\\/pt-pt\\\/#organization\",\"name\":\"Grace\",\"url\":\"https:\\\/\\\/grace-energy.global\\\/pt-pt\\\/\",\"logo\":{\"@type\":\"ImageObject\",\"inLanguage\":\"pt-PT\",\"@id\":\"https:\\\/\\\/grace-energy.global\\\/pt-pt\\\/#\\\/schema\\\/logo\\\/image\\\/\",\"url\":\"https:\\\/\\\/grace-energy.global\\\/wp-content\\\/uploads\\\/2024\\\/04\\\/grace-logo-dark.svg\",\"contentUrl\":\"https:\\\/\\\/grace-energy.global\\\/wp-content\\\/uploads\\\/2024\\\/04\\\/grace-logo-dark.svg\",\"width\":115,\"height\":19,\"caption\":\"Grace\"},\"image\":{\"@id\":\"https:\\\/\\\/grace-energy.global\\\/pt-pt\\\/#\\\/schema\\\/logo\\\/image\\\/\"},\"sameAs\":[\"https:\\\/\\\/www.instagram.com\\\/grace.energy.global\\\/\"]}]}<\/script>\n<!-- \/ Yoast SEO plugin. -->","yoast_head_json":{"title":"Pol\u00edtica de privacidade - Grace","robots":{"index":"index","follow":"follow","max-snippet":"max-snippet:-1","max-image-preview":"max-image-preview:large","max-video-preview":"max-video-preview:-1"},"canonical":"https:\/\/grace-energy.global\/pt-pt\/politica-de-privacidade\/","og_locale":"pt_PT","og_type":"article","og_title":"Pol\u00edtica de privacidade - Grace","og_description":"Como \u00e9 sabido, o novo Regulamento Geral sobre a Prote\u00e7\u00e3o de Dados \u00e9 aplic\u00e1vel desde 2016 em todos os Estados-Membros da Uni\u00e3o Europeia. Na GRACE LIFE valorizamos e damos a maior import\u00e2ncia \u00e0 confian\u00e7a que depositas em n\u00f3s e garantimos que os teus dados pessoais est\u00e3o seguros e s\u00e3o tratados com total privacidade. A privacidade, [&hellip;]","og_url":"https:\/\/grace-energy.global\/pt-pt\/politica-de-privacidade\/","og_site_name":"Grace","article_modified_time":"2024-06-04T14:21:15+00:00","twitter_card":"summary_large_image","twitter_misc":{"Tempo estimado de leitura":"6 minutos"},"schema":{"@context":"https:\/\/schema.org","@graph":[{"@type":"WebPage","@id":"https:\/\/grace-energy.global\/pt-pt\/politica-de-privacidade\/","url":"https:\/\/grace-energy.global\/pt-pt\/politica-de-privacidade\/","name":"Pol\u00edtica de privacidade - Grace","isPartOf":{"@id":"https:\/\/grace-energy.global\/pt-pt\/#website"},"datePublished":"2024-04-16T13:44:15+00:00","dateModified":"2024-06-04T14:21:15+00:00","breadcrumb":{"@id":"https:\/\/grace-energy.global\/pt-pt\/politica-de-privacidade\/#breadcrumb"},"inLanguage":"pt-PT","potentialAction":[{"@type":"ReadAction","target":["https:\/\/grace-energy.global\/pt-pt\/politica-de-privacidade\/"]}]},{"@type":"BreadcrumbList","@id":"https:\/\/grace-energy.global\/pt-pt\/politica-de-privacidade\/#breadcrumb","itemListElement":[{"@type":"ListItem","position":1,"name":"Home","item":"https:\/\/grace-energy.global\/pt-pt\/casa\/"},{"@type":"ListItem","position":2,"name":"Pol\u00edtica de privacidade"}]},{"@type":"WebSite","@id":"https:\/\/grace-energy.global\/pt-pt\/#website","url":"https:\/\/grace-energy.global\/pt-pt\/","name":"Grace","description":"","publisher":{"@id":"https:\/\/grace-energy.global\/pt-pt\/#organization"},"potentialAction":[{"@type":"SearchAction","target":{"@type":"EntryPoint","urlTemplate":"https:\/\/grace-energy.global\/pt-pt\/?s={search_term_string}"},"query-input":{"@type":"PropertyValueSpecification","valueRequired":true,"valueName":"search_term_string"}}],"inLanguage":"pt-PT"},{"@type":"Organization","@id":"https:\/\/grace-energy.global\/pt-pt\/#organization","name":"Grace","url":"https:\/\/grace-energy.global\/pt-pt\/","logo":{"@type":"ImageObject","inLanguage":"pt-PT","@id":"https:\/\/grace-energy.global\/pt-pt\/#\/schema\/logo\/image\/","url":"https:\/\/grace-energy.global\/wp-content\/uploads\/2024\/04\/grace-logo-dark.svg","contentUrl":"https:\/\/grace-energy.global\/wp-content\/uploads\/2024\/04\/grace-logo-dark.svg","width":115,"height":19,"caption":"Grace"},"image":{"@id":"https:\/\/grace-energy.global\/pt-pt\/#\/schema\/logo\/image\/"},"sameAs":["https:\/\/www.instagram.com\/grace.energy.global\/"]}]}},"_links":{"self":[{"href":"https:\/\/grace-energy.global\/pt-pt\/wp-json\/wp\/v2\/pages\/843","targetHints":{"allow":["GET"]}}],"collection":[{"href":"https:\/\/grace-energy.global\/pt-pt\/wp-json\/wp\/v2\/pages"}],"about":[{"href":"https:\/\/grace-energy.global\/pt-pt\/wp-json\/wp\/v2\/types\/page"}],"author":[{"embeddable":true,"href":"https:\/\/grace-energy.global\/pt-pt\/wp-json\/wp\/v2\/users\/1"}],"replies":[{"embeddable":true,"href":"https:\/\/grace-energy.global\/pt-pt\/wp-json\/wp\/v2\/comments?post=843"}],"version-history":[{"count":5,"href":"https:\/\/grace-energy.global\/pt-pt\/wp-json\/wp\/v2\/pages\/843\/revisions"}],"predecessor-version":[{"id":1108,"href":"https:\/\/grace-energy.global\/pt-pt\/wp-json\/wp\/v2\/pages\/843\/revisions\/1108"}],"wp:attachment":[{"href":"https:\/\/grace-energy.global\/pt-pt\/wp-json\/wp\/v2\/media?parent=843"}],"curies":[{"name":"wp","href":"https:\/\/api.w.org\/{rel}","templated":true}]}}